{"id":314,"date":"2024-01-03T08:34:12","date_gmt":"2024-01-03T07:34:12","guid":{"rendered":"https:\/\/joshiatsu.fr\/?page_id=314"},"modified":"2025-10-03T15:20:59","modified_gmt":"2025-10-03T13:20:59","slug":"accueil-1","status":"publish","type":"page","link":"https:\/\/joshiatsu.fr\/","title":{"rendered":"Accueil"},"content":{"rendered":"\t\t<div data-elementor-type=\"wp-page\" data-elementor-id=\"314\" class=\"elementor elementor-314\">\n\t\t\t\t<div class=\"elementor-element elementor-element-6a7ceef e-flex e-con-boxed e-con e-parent\" data-id=\"6a7ceef\" data-element_type=\"container\" data-e-type=\"container\">\n\t\t\t\t\t<div class=\"e-con-inner\">\n\t\t\t\t<div class=\"elementor-element elementor-element-cb1cd7a elementor-align-center elementor-widget elementor-widget-button\" data-id=\"cb1cd7a\" data-element_type=\"widget\" data-e-type=\"widget\" data-widget_type=\"button.default\">\n\t\t\t\t<div class=\"elementor-widget-container\">\n\t\t\t\t\t\t\t\t\t<div class=\"elementor-button-wrapper\">\n\t\t\t\t\t<a class=\"elementor-button elementor-button-link elementor-size-lg\" href=\"https:\/\/www.joshiatsu.fr\/index.php\/contact\/\" target=\"_blank\">\n\t\t\t\t\t\t<span class=\"elementor-button-content-wrapper\">\n\t\t\t\t\t\t\t\t\t<span class=\"elementor-button-text\">Prendre RDV<\/span>\n\t\t\t\t\t<\/span>\n\t\t\t\t\t<\/a>\n\t\t\t\t<\/div>\n\t\t\t\t\t\t\t\t<\/div>\n\t\t\t\t<\/div>\n\t\t\t\t\t<\/div>\n\t\t\t\t<\/div>\n\t\t<div class=\"elementor-element elementor-element-431701f6 e-flex e-con-boxed e-con e-parent\" data-id=\"431701f6\" data-element_type=\"container\" data-e-type=\"container\" data-settings=\"{&quot;background_background&quot;:&quot;classic&quot;}\">\n\t\t\t\t\t<div class=\"e-con-inner\">\n\t\t<div class=\"elementor-element elementor-element-274f0695 e-flex e-con-boxed e-con e-child\" data-id=\"274f0695\" data-element_type=\"container\" data-e-type=\"container\">\n\t\t\t\t\t<div class=\"e-con-inner\">\n\t\t\t\t<div class=\"elementor-element elementor-element-5e2134dd animated-slow elementor-widget elementor-widget-heading\" data-id=\"5e2134dd\" data-element_type=\"widget\" data-e-type=\"widget\" data-settings=\"{&quot;_animation&quot;:&quot;none&quot;}\" data-widget_type=\"heading.default\">\n\t\t\t\t<div class=\"elementor-widget-container\">\n\t\t\t\t\t<h2 class=\"elementor-heading-title elementor-size-default\">SHIATSU EQUIN,  SHIATSU CANIN, SHIATSU HUMAIN<\/h2>\t\t\t\t<\/div>\n\t\t\t\t<\/div>\n\t\t\t\t<div class=\"elementor-element elementor-element-41ff2499 animated-slow elementor-widget elementor-widget-heading\" data-id=\"41ff2499\" data-element_type=\"widget\" data-e-type=\"widget\" data-settings=\"{&quot;_animation&quot;:&quot;none&quot;}\" data-widget_type=\"heading.default\">\n\t\t\t\t<div class=\"elementor-widget-container\">\n\t\t\t\t\t<h2 class=\"elementor-heading-title elementor-size-default\">\n\nD\u00e9partements 76, 27, 14<\/h2>\t\t\t\t<\/div>\n\t\t\t\t<\/div>\n\t\t\t\t\t<\/div>\n\t\t\t\t<\/div>\n\t\t\t\t\t<\/div>\n\t\t\t\t<\/div>\n\t\t<div class=\"elementor-element elementor-element-1f80ef62 e-flex e-con-boxed e-con e-parent\" data-id=\"1f80ef62\" data-element_type=\"container\" data-e-type=\"container\" data-settings=\"{&quot;background_background&quot;:&quot;classic&quot;}\">\n\t\t\t\t\t<div class=\"e-con-inner\">\n\t\t<div class=\"elementor-element elementor-element-78b182f9 e-con-full e-flex e-con e-child\" data-id=\"78b182f9\" data-element_type=\"container\" data-e-type=\"container\">\n\t\t<div class=\"elementor-element elementor-element-4512cc45 e-con-full e-flex e-con e-child\" data-id=\"4512cc45\" data-element_type=\"container\" data-e-type=\"container\">\n\t\t\t\t<div class=\"elementor-element elementor-element-50e51a43 elementor-widget elementor-widget-heading\" data-id=\"50e51a43\" data-element_type=\"widget\" data-e-type=\"widget\" data-widget_type=\"heading.default\">\n\t\t\t\t<div class=\"elementor-widget-container\">\n\t\t\t\t\t<h3 class=\"elementor-heading-title elementor-size-default\">D\u00c9FINITION DU SHIATSU<\/h3>\t\t\t\t<\/div>\n\t\t\t\t<\/div>\n\t\t\t\t<div class=\"elementor-element elementor-element-55775bad elementor-position-top elementor-widget elementor-widget-image-box\" data-id=\"55775bad\" data-element_type=\"widget\" data-e-type=\"widget\" data-widget_type=\"image-box.default\">\n\t\t\t\t<div class=\"elementor-widget-container\">\n\t\t\t\t\t<div class=\"elementor-image-box-wrapper\"><figure class=\"elementor-image-box-img\"><img fetchpriority=\"high\" decoding=\"async\" width=\"1200\" height=\"1453\" src=\"https:\/\/i0.wp.com\/joshiatsu.fr\/wp-content\/uploads\/2024\/02\/IMG-20240216-WA0001-e1708350801896.jpg?fit=1200%2C1453&amp;ssl=1\" class=\"attachment-full size-full wp-image-972\" alt=\"\" srcset=\"https:\/\/i0.wp.com\/joshiatsu.fr\/wp-content\/uploads\/2024\/02\/IMG-20240216-WA0001-e1708350801896.jpg?w=1200&amp;ssl=1 1200w, https:\/\/i0.wp.com\/joshiatsu.fr\/wp-content\/uploads\/2024\/02\/IMG-20240216-WA0001-e1708350801896.jpg?resize=248%2C300&amp;ssl=1 248w, https:\/\/i0.wp.com\/joshiatsu.fr\/wp-content\/uploads\/2024\/02\/IMG-20240216-WA0001-e1708350801896.jpg?resize=846%2C1024&amp;ssl=1 846w, https:\/\/i0.wp.com\/joshiatsu.fr\/wp-content\/uploads\/2024\/02\/IMG-20240216-WA0001-e1708350801896.jpg?resize=768%2C930&amp;ssl=1 768w\" sizes=\"(max-width: 1200px) 100vw, 1200px\" \/><\/figure><div class=\"elementor-image-box-content\"><p class=\"elementor-image-box-description\">Le Shiatsu est une technique de soin \u00e9nerg\u00e9tique japonaise qui vise \u00e0 maintenir la sant\u00e9 physique, \u00e9motionnelle et favorise le bien-\u00eatre. Le praticien Shiatsu effectue des manipulations et pressions avec les pouces, doigts et paumes de main sur les points d'acupuncture du corps, suivant des trajets sp\u00e9cifiques appel\u00e9s m\u00e9ridiens, afin de tonifier et de d\u00e9tendre le corps.\nLe Shiatsu animalier fonctionne de la m\u00eame mani\u00e8re.<\/p><\/div><\/div>\t\t\t\t<\/div>\n\t\t\t\t<\/div>\n\t\t\t\t<\/div>\n\t\t<div class=\"elementor-element elementor-element-74bd103f e-con-full e-flex e-con e-child\" data-id=\"74bd103f\" data-element_type=\"container\" data-e-type=\"container\">\n\t\t\t\t<div class=\"elementor-element elementor-element-713935f5 elementor-widget elementor-widget-heading\" data-id=\"713935f5\" data-element_type=\"widget\" data-e-type=\"widget\" data-widget_type=\"heading.default\">\n\t\t\t\t<div class=\"elementor-widget-container\">\n\t\t\t\t\t<h3 class=\"elementor-heading-title elementor-size-default\">BIENFAITS DU SHIATSU <\/h3>\t\t\t\t<\/div>\n\t\t\t\t<\/div>\n\t\t\t\t<div class=\"elementor-element elementor-element-74f89745 elementor-position-top elementor-widget elementor-widget-image-box\" data-id=\"74f89745\" data-element_type=\"widget\" data-e-type=\"widget\" data-widget_type=\"image-box.default\">\n\t\t\t\t<div class=\"elementor-widget-container\">\n\t\t\t\t\t<div class=\"elementor-image-box-wrapper\"><figure class=\"elementor-image-box-img\"><img decoding=\"async\" width=\"1842\" height=\"2206\" src=\"https:\/\/i0.wp.com\/joshiatsu.fr\/wp-content\/uploads\/2024\/03\/IMG_20240310_162451-scaled-e1710169193811.jpg?fit=1842%2C2206&amp;ssl=1\" class=\"attachment-full size-full wp-image-1280\" alt=\"\" srcset=\"https:\/\/i0.wp.com\/joshiatsu.fr\/wp-content\/uploads\/2024\/03\/IMG_20240310_162451-scaled-e1710169193811.jpg?w=1842&amp;ssl=1 1842w, https:\/\/i0.wp.com\/joshiatsu.fr\/wp-content\/uploads\/2024\/03\/IMG_20240310_162451-scaled-e1710169193811.jpg?resize=250%2C300&amp;ssl=1 250w, https:\/\/i0.wp.com\/joshiatsu.fr\/wp-content\/uploads\/2024\/03\/IMG_20240310_162451-scaled-e1710169193811.jpg?resize=855%2C1024&amp;ssl=1 855w, https:\/\/i0.wp.com\/joshiatsu.fr\/wp-content\/uploads\/2024\/03\/IMG_20240310_162451-scaled-e1710169193811.jpg?resize=768%2C920&amp;ssl=1 768w, https:\/\/i0.wp.com\/joshiatsu.fr\/wp-content\/uploads\/2024\/03\/IMG_20240310_162451-scaled-e1710169193811.jpg?resize=1283%2C1536&amp;ssl=1 1283w, https:\/\/i0.wp.com\/joshiatsu.fr\/wp-content\/uploads\/2024\/03\/IMG_20240310_162451-scaled-e1710169193811.jpg?resize=1710%2C2048&amp;ssl=1 1710w\" sizes=\"(max-width: 1200px) 100vw, 1200px\" \/><\/figure><div class=\"elementor-image-box-content\"><p class=\"elementor-image-box-description\">Le Shiatsu favorise le bien-\u00eatre physique &amp; \u00e9motionnel et stimule les d\u00e9fenses immunitaires.\n\n\nUne s\u00e9ance de shiatsu harmonise la circulation \u00e9nerg\u00e9tique, sanguine et lymphatique.\n\n\nLa pratique du shiatsu est b\u00e9n\u00e9fique pour soutenir le fonctionnement de tous les grands syst\u00e8mes de l\u2019organisme: nerveux, endocrinien, immunitaire, musculaire, articulaire, osseux, lymphatique, cutan\u00e9, respiratoire ou encore digestif\u2026<br>En \u00e9quilibrant le corps et l'esprit, le shiatsu favorise la f\u00e9condit\u00e9.\n\n\n<\/p><\/div><\/div>\t\t\t\t<\/div>\n\t\t\t\t<\/div>\n\t\t\t\t<\/div>\n\t\t<div class=\"elementor-element elementor-element-4c027c30 e-con-full e-flex e-con e-child\" data-id=\"4c027c30\" data-element_type=\"container\" data-e-type=\"container\">\n\t\t\t\t<div class=\"elementor-element elementor-element-4b75dac5 elementor-widget elementor-widget-heading\" data-id=\"4b75dac5\" data-element_type=\"widget\" data-e-type=\"widget\" data-widget_type=\"heading.default\">\n\t\t\t\t<div class=\"elementor-widget-container\">\n\t\t\t\t\t<h3 class=\"elementor-heading-title elementor-size-default\">QUAND PR\u00c9VOIR UNE S\u00c9ANCE ?<\/h3>\t\t\t\t<\/div>\n\t\t\t\t<\/div>\n\t\t\t\t<div class=\"elementor-element elementor-element-1e8858d3 elementor-position-top elementor-widget elementor-widget-image-box\" data-id=\"1e8858d3\" data-element_type=\"widget\" data-e-type=\"widget\" data-widget_type=\"image-box.default\">\n\t\t\t\t<div class=\"elementor-widget-container\">\n\t\t\t\t\t<div class=\"elementor-image-box-wrapper\"><figure class=\"elementor-image-box-img\"><img decoding=\"async\" width=\"1920\" height=\"1949\" src=\"https:\/\/i0.wp.com\/joshiatsu.fr\/wp-content\/uploads\/2024\/03\/IMG_20240301_170822-scaled-e1710167407164.jpg?fit=1920%2C1949&amp;ssl=1\" class=\"attachment-full size-full wp-image-1284\" alt=\"\" srcset=\"https:\/\/i0.wp.com\/joshiatsu.fr\/wp-content\/uploads\/2024\/03\/IMG_20240301_170822-scaled-e1710167407164.jpg?w=1920&amp;ssl=1 1920w, https:\/\/i0.wp.com\/joshiatsu.fr\/wp-content\/uploads\/2024\/03\/IMG_20240301_170822-scaled-e1710167407164.jpg?resize=296%2C300&amp;ssl=1 296w, https:\/\/i0.wp.com\/joshiatsu.fr\/wp-content\/uploads\/2024\/03\/IMG_20240301_170822-scaled-e1710167407164.jpg?resize=1009%2C1024&amp;ssl=1 1009w, https:\/\/i0.wp.com\/joshiatsu.fr\/wp-content\/uploads\/2024\/03\/IMG_20240301_170822-scaled-e1710167407164.jpg?resize=768%2C780&amp;ssl=1 768w, https:\/\/i0.wp.com\/joshiatsu.fr\/wp-content\/uploads\/2024\/03\/IMG_20240301_170822-scaled-e1710167407164.jpg?resize=1513%2C1536&amp;ssl=1 1513w\" sizes=\"(max-width: 1200px) 100vw, 1200px\" \/><\/figure><div class=\"elementor-image-box-content\"><p class=\"elementor-image-box-description\">\u2217 En pr\u00e9vention, id\u00e9alement \u00e0 chaque changement de saison pour \u00e9quilibrer l\u2019\u00e9nergie du corps et favoriser l\u2019immunit\u00e9.\n\n\u2217 En cas de stress, anxi\u00e9t\u00e9, peur\n\u2217 En pr\u00e9paration \u00e0 une \u00e9preuve sportive ou en r\u00e9cup\u00e9ration\n\u2217 Suite \u00e0 un traumatisme (accident, blessure, tendinite...)\n\n\u2217 Suite \u00e0 un choc \u00e9motionnel pour aider \u00e0 la gestion des \u00e9motions\n\n\u2217 En compl\u00e9ment de soins m\u00e9dicaux ou v\u00e9t\u00e9rinaires, en cas de pathologie, suite \u00e0 un AVC...\n\n\u2217 En accompagnement de la vieillesse, pour soutenir l'organisme, apporter du bien-\u00eatre, favoriser la mobilit\u00e9 et l'immunit\u00e9.<\/p><\/div><\/div>\t\t\t\t<\/div>\n\t\t\t\t<\/div>\n\t\t\t\t<\/div>\n\t\t\t\t<\/div>\n\t\t\t\t\t<\/div>\n\t\t\t\t<\/div>\n\t\t<div class=\"elementor-element elementor-element-2121a43 e-flex e-con-boxed e-con e-parent\" data-id=\"2121a43\" data-element_type=\"container\" data-e-type=\"container\">\n\t\t\t\t\t<div class=\"e-con-inner\">\n\t\t\t\t<div class=\"elementor-element elementor-element-c214b30 elementor-align-center elementor-widget elementor-widget-button\" data-id=\"c214b30\" data-element_type=\"widget\" data-e-type=\"widget\" data-widget_type=\"button.default\">\n\t\t\t\t<div class=\"elementor-widget-container\">\n\t\t\t\t\t\t\t\t\t<div class=\"elementor-button-wrapper\">\n\t\t\t\t\t<a class=\"elementor-button elementor-button-link elementor-size-lg\" href=\"https:\/\/joshiatsu.fr\/index.php\/shiatsu-humain\/\">\n\t\t\t\t\t\t<span class=\"elementor-button-content-wrapper\">\n\t\t\t\t\t\t\t\t\t<span class=\"elementor-button-text\">En savoir + sur le Shiatsu Humain<\/span>\n\t\t\t\t\t<\/span>\n\t\t\t\t\t<\/a>\n\t\t\t\t<\/div>\n\t\t\t\t\t\t\t\t<\/div>\n\t\t\t\t<\/div>\n\t\t\t\t<div class=\"elementor-element elementor-element-8269030 elementor-align-center elementor-widget elementor-widget-button\" data-id=\"8269030\" data-element_type=\"widget\" data-e-type=\"widget\" data-widget_type=\"button.default\">\n\t\t\t\t<div class=\"elementor-widget-container\">\n\t\t\t\t\t\t\t\t\t<div class=\"elementor-button-wrapper\">\n\t\t\t\t\t<a class=\"elementor-button elementor-button-link elementor-size-lg\" href=\"https:\/\/joshiatsu.fr\/index.php\/shiatsu-animalier\/\">\n\t\t\t\t\t\t<span class=\"elementor-button-content-wrapper\">\n\t\t\t\t\t\t\t\t\t<span class=\"elementor-button-text\">En savoir + sur le Shiatsu Animalier<\/span>\n\t\t\t\t\t<\/span>\n\t\t\t\t\t<\/a>\n\t\t\t\t<\/div>\n\t\t\t\t\t\t\t\t<\/div>\n\t\t\t\t<\/div>\n\t\t\t\t\t<\/div>\n\t\t\t\t<\/div>\n\t\t\t\t<\/div>\n\t\t","protected":false},"excerpt":{"rendered":"<p>Prendre RDV SHIATSU EQUIN, SHIATSU CANIN, SHIATSU HUMAIN D\u00e9partements 76, 27, 14 D\u00c9FINITION DU SHIATSU Le Shiatsu est une technique de soin \u00e9nerg\u00e9tique japonaise qui vise \u00e0 maintenir la sant\u00e9 physique, \u00e9motionnelle et favorise le bien-\u00eatre. Le praticien Shiatsu effectue des manipulations et pressions avec les pouces, doigts et paumes de main sur les points [&hellip;]<\/p>\n","protected":false},"author":1,"featured_media":0,"parent":0,"menu_order":0,"comment_status":"closed","ping_status":"closed","template":"","meta":{"ocean_post_layout":"","ocean_both_sidebars_style":"","ocean_both_sidebars_content_width":0,"ocean_both_sidebars_sidebars_width":0,"ocean_sidebar":"","ocean_second_sidebar":"","ocean_disable_margins":"enable","ocean_add_body_class":"","ocean_shortcode_before_top_bar":"","ocean_shortcode_after_top_bar":"","ocean_shortcode_before_header":"","ocean_shortcode_after_header":"","ocean_has_shortcode":"","ocean_shortcode_after_title":"","ocean_shortcode_before_footer_widgets":"","ocean_shortcode_after_footer_widgets":"","ocean_shortcode_before_footer_bottom":"","ocean_shortcode_after_footer_bottom":"","ocean_display_top_bar":"default","ocean_display_header":"default","ocean_header_style":"","ocean_center_header_left_menu":"","ocean_custom_header_template":"","ocean_custom_logo":0,"ocean_custom_retina_logo":0,"ocean_custom_logo_max_width":0,"ocean_custom_logo_tablet_max_width":0,"ocean_custom_logo_mobile_max_width":0,"ocean_custom_logo_max_height":0,"ocean_custom_logo_tablet_max_height":0,"ocean_custom_logo_mobile_max_height":0,"ocean_header_custom_menu":"","ocean_menu_typo_font_family":"","ocean_menu_typo_font_subset":"","ocean_menu_typo_font_size":0,"ocean_menu_typo_font_size_tablet":0,"ocean_menu_typo_font_size_mobile":0,"ocean_menu_typo_font_size_unit":"px","ocean_menu_typo_font_weight":"","ocean_menu_typo_font_weight_tablet":"","ocean_menu_typo_font_weight_mobile":"","ocean_menu_typo_transform":"","ocean_menu_typo_transform_tablet":"","ocean_menu_typo_transform_mobile":"","ocean_menu_typo_line_height":0,"ocean_menu_typo_line_height_tablet":0,"ocean_menu_typo_line_height_mobile":0,"ocean_menu_typo_line_height_unit":"","ocean_menu_typo_spacing":0,"ocean_menu_typo_spacing_tablet":0,"ocean_menu_typo_spacing_mobile":0,"ocean_menu_typo_spacing_unit":"","ocean_menu_link_color":"","ocean_menu_link_color_hover":"","ocean_menu_link_color_active":"","ocean_menu_link_background":"","ocean_menu_link_hover_background":"","ocean_menu_link_active_background":"","ocean_menu_social_links_bg":"","ocean_menu_social_hover_links_bg":"","ocean_menu_social_links_color":"","ocean_menu_social_hover_links_color":"","ocean_disable_title":"default","ocean_disable_heading":"default","ocean_post_title":"","ocean_post_subheading":"","ocean_post_title_style":"","ocean_post_title_background_color":"","ocean_post_title_background":0,"ocean_post_title_bg_image_position":"","ocean_post_title_bg_image_attachment":"","ocean_post_title_bg_image_repeat":"","ocean_post_title_bg_image_size":"","ocean_post_title_height":0,"ocean_post_title_bg_overlay":0.5,"ocean_post_title_bg_overlay_color":"","ocean_disable_breadcrumbs":"default","ocean_breadcrumbs_color":"","ocean_breadcrumbs_separator_color":"","ocean_breadcrumbs_links_color":"","ocean_breadcrumbs_links_hover_color":"","ocean_display_footer_widgets":"default","ocean_display_footer_bottom":"default","ocean_custom_footer_template":"","footnotes":""},"class_list":["post-314","page","type-page","status-publish","hentry","entry"],"jetpack_sharing_enabled":true,"_links":{"self":[{"href":"https:\/\/joshiatsu.fr\/index.php\/wp-json\/wp\/v2\/pages\/314","targetHints":{"allow":["GET"]}}],"collection":[{"href":"https:\/\/joshiatsu.fr\/index.php\/wp-json\/wp\/v2\/pages"}],"about":[{"href":"https:\/\/joshiatsu.fr\/index.php\/wp-json\/wp\/v2\/types\/page"}],"author":[{"embeddable":true,"href":"https:\/\/joshiatsu.fr\/index.php\/wp-json\/wp\/v2\/users\/1"}],"replies":[{"embeddable":true,"href":"https:\/\/joshiatsu.fr\/index.php\/wp-json\/wp\/v2\/comments?post=314"}],"version-history":[{"count":253,"href":"https:\/\/joshiatsu.fr\/index.php\/wp-json\/wp\/v2\/pages\/314\/revisions"}],"predecessor-version":[{"id":1412,"href":"https:\/\/joshiatsu.fr\/index.php\/wp-json\/wp\/v2\/pages\/314\/revisions\/1412"}],"wp:attachment":[{"href":"https:\/\/joshiatsu.fr\/index.php\/wp-json\/wp\/v2\/media?parent=314"}],"curies":[{"name":"wp","href":"https:\/\/api.w.org\/{rel}","templated":true}]}}