{"id":1305,"date":"2024-03-11T16:12:35","date_gmt":"2024-03-11T15:12:35","guid":{"rendered":"https:\/\/joshiatsu.fr\/?page_id=1305"},"modified":"2024-03-13T16:58:17","modified_gmt":"2024-03-13T15:58:17","slug":"shiatsu-humain","status":"publish","type":"page","link":"https:\/\/joshiatsu.fr\/index.php\/shiatsu-humain\/","title":{"rendered":"Shiatsu Humain"},"content":{"rendered":"\t\t<div data-elementor-type=\"wp-page\" data-elementor-id=\"1305\" class=\"elementor elementor-1305\">\n\t\t\t\t<div class=\"elementor-element elementor-element-59bebeff e-flex e-con-boxed e-con e-parent\" data-id=\"59bebeff\" data-element_type=\"container\" data-e-type=\"container\">\n\t\t\t\t\t<div class=\"e-con-inner\">\n\t\t\t\t<div class=\"elementor-element elementor-element-5e1921df elementor-widget elementor-widget-heading\" data-id=\"5e1921df\" data-element_type=\"widget\" data-e-type=\"widget\" data-widget_type=\"heading.default\">\n\t\t\t\t<div class=\"elementor-widget-container\">\n\t\t\t\t\t<h2 class=\"elementor-heading-title elementor-size-default\">Les B\u00e9n\u00e9ficiaires du Shiatsu<\/h2>\t\t\t\t<\/div>\n\t\t\t\t<\/div>\n\t\t\t\t\t<\/div>\n\t\t\t\t<\/div>\n\t\t<div class=\"elementor-element elementor-element-53669172 e-flex e-con-boxed e-con e-parent\" data-id=\"53669172\" data-element_type=\"container\" data-e-type=\"container\">\n\t\t\t\t\t<div class=\"e-con-inner\">\n\t\t<div class=\"elementor-element elementor-element-4772f74 e-con-full e-flex e-con e-child\" data-id=\"4772f74\" data-element_type=\"container\" data-e-type=\"container\">\n\t\t\t\t<div class=\"elementor-element elementor-element-4ca41a elementor-widget elementor-widget-image\" data-id=\"4ca41a\" data-element_type=\"widget\" data-e-type=\"widget\" data-widget_type=\"image.default\">\n\t\t\t\t<div class=\"elementor-widget-container\">\n\t\t\t\t\t\t\t\t\t\t\t\t<figure class=\"wp-caption\">\n\t\t\t\t\t\t\t\t\t\t<img fetchpriority=\"high\" decoding=\"async\" width=\"612\" height=\"408\" src=\"https:\/\/i0.wp.com\/joshiatsu.fr\/wp-content\/uploads\/2024\/03\/istockphoto-1432807347-612x612-1.jpg?fit=612%2C408&amp;ssl=1\" class=\"attachment-large size-large wp-image-1043\" alt=\"\" srcset=\"https:\/\/i0.wp.com\/joshiatsu.fr\/wp-content\/uploads\/2024\/03\/istockphoto-1432807347-612x612-1.jpg?w=612&amp;ssl=1 612w, https:\/\/i0.wp.com\/joshiatsu.fr\/wp-content\/uploads\/2024\/03\/istockphoto-1432807347-612x612-1.jpg?resize=300%2C200&amp;ssl=1 300w\" sizes=\"(max-width: 612px) 100vw, 612px\" \/>\t\t\t\t\t\t\t\t\t\t\t<figcaption class=\"widget-image-caption wp-caption-text\">Les b\u00e9b\u00e9s et jeunes enfants<\/figcaption>\n\t\t\t\t\t\t\t\t\t\t<\/figure>\n\t\t\t\t\t\t\t\t\t<\/div>\n\t\t\t\t<\/div>\n\t\t\t\t<\/div>\n\t\t<div class=\"elementor-element elementor-element-7eb8d598 e-con-full e-flex e-con e-child\" data-id=\"7eb8d598\" data-element_type=\"container\" data-e-type=\"container\">\n\t\t\t\t<div class=\"elementor-element elementor-element-46bf1f4a elementor-widget elementor-widget-image\" data-id=\"46bf1f4a\" data-element_type=\"widget\" data-e-type=\"widget\" data-widget_type=\"image.default\">\n\t\t\t\t<div class=\"elementor-widget-container\">\n\t\t\t\t\t\t\t\t\t\t\t\t<figure class=\"wp-caption\">\n\t\t\t\t\t\t\t\t\t\t<img decoding=\"async\" width=\"612\" height=\"408\" src=\"https:\/\/i0.wp.com\/joshiatsu.fr\/wp-content\/uploads\/2024\/03\/istockphoto-famille.jpg?fit=612%2C408&amp;ssl=1\" class=\"attachment-large size-large wp-image-1044\" alt=\"\" srcset=\"https:\/\/i0.wp.com\/joshiatsu.fr\/wp-content\/uploads\/2024\/03\/istockphoto-famille.jpg?w=612&amp;ssl=1 612w, https:\/\/i0.wp.com\/joshiatsu.fr\/wp-content\/uploads\/2024\/03\/istockphoto-famille.jpg?resize=300%2C200&amp;ssl=1 300w\" sizes=\"(max-width: 612px) 100vw, 612px\" \/>\t\t\t\t\t\t\t\t\t\t\t<figcaption class=\"widget-image-caption wp-caption-text\">Les enfants, ados, adultes<\/figcaption>\n\t\t\t\t\t\t\t\t\t\t<\/figure>\n\t\t\t\t\t\t\t\t\t<\/div>\n\t\t\t\t<\/div>\n\t\t\t\t<\/div>\n\t\t<div class=\"elementor-element elementor-element-7a4e9ce9 e-con-full e-flex e-con e-child\" data-id=\"7a4e9ce9\" data-element_type=\"container\" data-e-type=\"container\">\n\t\t\t\t<div class=\"elementor-element elementor-element-1ac04fab elementor-widget elementor-widget-image\" data-id=\"1ac04fab\" data-element_type=\"widget\" data-e-type=\"widget\" data-widget_type=\"image.default\">\n\t\t\t\t<div class=\"elementor-widget-container\">\n\t\t\t\t\t\t\t\t\t\t\t\t<figure class=\"wp-caption\">\n\t\t\t\t\t\t\t\t\t\t<img decoding=\"async\" width=\"1024\" height=\"683\" src=\"https:\/\/i0.wp.com\/joshiatsu.fr\/wp-content\/uploads\/2024\/03\/retiree-7390179_1280-personnes-agees.jpg?fit=1024%2C683&amp;ssl=1\" class=\"attachment-large size-large wp-image-1046\" alt=\"\" srcset=\"https:\/\/i0.wp.com\/joshiatsu.fr\/wp-content\/uploads\/2024\/03\/retiree-7390179_1280-personnes-agees.jpg?w=1280&amp;ssl=1 1280w, https:\/\/i0.wp.com\/joshiatsu.fr\/wp-content\/uploads\/2024\/03\/retiree-7390179_1280-personnes-agees.jpg?resize=300%2C200&amp;ssl=1 300w, https:\/\/i0.wp.com\/joshiatsu.fr\/wp-content\/uploads\/2024\/03\/retiree-7390179_1280-personnes-agees.jpg?resize=1024%2C683&amp;ssl=1 1024w, https:\/\/i0.wp.com\/joshiatsu.fr\/wp-content\/uploads\/2024\/03\/retiree-7390179_1280-personnes-agees.jpg?resize=768%2C512&amp;ssl=1 768w\" sizes=\"(max-width: 1024px) 100vw, 1024px\" \/>\t\t\t\t\t\t\t\t\t\t\t<figcaption class=\"widget-image-caption wp-caption-text\">Les personnes \u00e2g\u00e9es<\/figcaption>\n\t\t\t\t\t\t\t\t\t\t<\/figure>\n\t\t\t\t\t\t\t\t\t<\/div>\n\t\t\t\t<\/div>\n\t\t\t\t<\/div>\n\t\t\t\t\t<\/div>\n\t\t\t\t<\/div>\n\t\t<div class=\"elementor-element elementor-element-4f339b39 e-flex e-con-boxed e-con e-parent\" data-id=\"4f339b39\" data-element_type=\"container\" data-e-type=\"container\">\n\t\t\t\t\t<div class=\"e-con-inner\">\n\t\t\t\t<div class=\"elementor-element elementor-element-4548cdf7 elementor-widget elementor-widget-heading\" data-id=\"4548cdf7\" data-element_type=\"widget\" data-e-type=\"widget\" data-widget_type=\"heading.default\">\n\t\t\t\t<div class=\"elementor-widget-container\">\n\t\t\t\t\t<h2 class=\"elementor-heading-title elementor-size-default\">Quand s'offrir une s\u00e9ance de Shiatsu ou l'offrir \u00e0 un proche ?<\/h2>\t\t\t\t<\/div>\n\t\t\t\t<\/div>\n\t\t\t\t\t<\/div>\n\t\t\t\t<\/div>\n\t\t<div class=\"elementor-element elementor-element-49f42022 e-flex e-con-boxed e-con e-parent\" data-id=\"49f42022\" data-element_type=\"container\" data-e-type=\"container\">\n\t\t\t\t\t<div class=\"e-con-inner\">\n\t\t\t\t<div class=\"elementor-element elementor-element-3baf641e elementor-widget elementor-widget-text-editor\" data-id=\"3baf641e\" data-element_type=\"widget\" data-e-type=\"widget\" data-widget_type=\"text-editor.default\">\n\t\t\t\t<div class=\"elementor-widget-container\">\n\t\t\t\t\t\t\t\t\t<p><\/p>\n<p>A n&rsquo;importe quel moment pour le bien-\u00eatre du corps, de l&rsquo;esprit et favoriser l\u2019immunit\u00e9.<\/p>\n<p>En cas de stress, anxi\u00e9t\u00e9, troubles du sommeil, fatigue, baisse immunitaire, difficult\u00e9s ponctuelles ou chroniques.<\/p>\n<p><\/p>\n<p><\/p>\n<p>La pratique du shiatsu apporte du confort dans de nombreuses situations :<\/p>\n<p><\/p>\n<ul class=\"wp-block-list\">\n<li style=\"list-style-type: none;\">\n<ul>\n<li>douleurs de dos ou du squelette: arthrose, sciatique, douleurs cervicales<\/li>\n<li>tensions musculaires, crampes, contractures\u2026<\/li>\n<\/ul>\n<\/li>\n<\/ul>\n<p><\/p>\n<ul>\n<li style=\"list-style-type: none;\">\n<ul>\n<li>raideurs articulaires, tendinite<\/li>\n<li>r\u00e8gles douloureuses<\/li>\n<li>mauvaise circulation sanguine ou lymphatique<\/li>\n<li>r\u00e9\u00e9quilibrage apr\u00e8s un accouchement (\u00e0 partir de 21 jours post-accouchement)<\/li>\n<li>stress, changement de lieu de vie, pr\u00e9paration \u00e0 une \u00e9preuve sportive ou r\u00e9cup\u00e9ration\u00a0<\/li>\n<li>troubles respiratoires, rhume, sinusite, toux<\/li>\n<li>troubles de la digestion<\/li>\n<li>migraines et maux de t\u00eate<\/li>\n<li>probl\u00e8me de peau: psoriasis, ecz\u00e9ma&#8230;<\/li>\n<li>r\u00e9cup\u00e9ration suite \u00e0 un AVC (active la circulation sanguine et favorise la mobilit\u00e9)<\/li>\n<\/ul>\n<\/li>\n<\/ul>\n<p><\/p>\n<p><\/p>\n<ul class=\"wp-block-list\"><\/ul>\n<p><\/p>\n<p>Ces bienfaits physiques ont des r\u00e9percussions sur le mental, l\u2019\u00e9tat de bien-\u00eatre, de calme int\u00e9rieur.<\/p>\n<p><\/p>\n<p>Le shiatsu ne remplace pas une consultation m\u00e9dicale. Il est compl\u00e9mentaire et intervient toujours \u00e0 distance (5 jours minimum) d\u2019un vaccin ou traitement antibiotique. D\u2019autres facteurs sont \u00e0 prendre en compte pour le bien-\u00eatre d&rsquo;une personne: les conditions de vie et relationnelles, l&rsquo;alimentation, l&rsquo;activit\u00e9 physique&#8230;<\/p>\n<p><\/p>\t\t\t\t\t\t\t\t<\/div>\n\t\t\t\t<\/div>\n\t\t\t\t\t<\/div>\n\t\t\t\t<\/div>\n\t\t<div class=\"elementor-element elementor-element-33a4e346 e-flex e-con-boxed e-con e-parent\" data-id=\"33a4e346\" data-element_type=\"container\" data-e-type=\"container\">\n\t\t\t\t\t<div class=\"e-con-inner\">\n\t\t\t\t<div class=\"elementor-element elementor-element-62a53125 elementor-widget elementor-widget-heading\" data-id=\"62a53125\" data-element_type=\"widget\" data-e-type=\"widget\" data-widget_type=\"heading.default\">\n\t\t\t\t<div class=\"elementor-widget-container\">\n\t\t\t\t\t<h2 class=\"elementor-heading-title elementor-size-default\">Remboursement par certaines Mutuelles<\/h2>\t\t\t\t<\/div>\n\t\t\t\t<\/div>\n\t\t\t\t\t<\/div>\n\t\t\t\t<\/div>\n\t\t<div class=\"elementor-element elementor-element-7d319dad e-flex e-con-boxed e-con e-parent\" data-id=\"7d319dad\" data-element_type=\"container\" data-e-type=\"container\">\n\t\t\t\t\t<div class=\"e-con-inner\">\n\t\t\t\t<div class=\"elementor-element elementor-element-4e689dfc elementor-widget elementor-widget-text-editor\" data-id=\"4e689dfc\" data-element_type=\"widget\" data-e-type=\"widget\" data-widget_type=\"text-editor.default\">\n\t\t\t\t<div class=\"elementor-widget-container\">\n\t\t\t\t\t\t\t\t\t<p>Le shiatsu est une m\u00e9decine douce non conventionnelle qui n\u2019est pas rembours\u00e9e par la S\u00e9curit\u00e9 sociale. Cependant, certaines\u00a0<a href=\"https:\/\/www.lelynx.fr\/mutuelle-sante\/\">mutuelles sant\u00e9<\/a> remboursent les consultations en fonction de la formule choisie.<\/p>\n<p>Parmi les mutuelles sant\u00e9 qui proposent de rembourser les s\u00e9ances de shiatsu, voici une\u00a0<strong>liste non exhaustive et susceptible d&rsquo;\u00e9voluer dans le temps, <\/strong>publi\u00e9e par le Syndicat des professionnels du shiatsu :<\/p>\t\t\t\t\t\t\t\t<\/div>\n\t\t\t\t<\/div>\n\t\t\t\t\t<\/div>\n\t\t\t\t<\/div>\n\t\t<div class=\"elementor-element elementor-element-25182ef e-flex e-con-boxed e-con e-parent\" data-id=\"25182ef\" data-element_type=\"container\" data-e-type=\"container\">\n\t\t\t\t\t<div class=\"e-con-inner\">\n\t\t<div class=\"elementor-element elementor-element-975c4b1 e-con-full e-flex e-con e-child\" data-id=\"975c4b1\" data-element_type=\"container\" data-e-type=\"container\">\n\t\t\t\t<div class=\"elementor-element elementor-element-595fc88 elementor-widget elementor-widget-text-editor\" data-id=\"595fc88\" data-element_type=\"widget\" data-e-type=\"widget\" data-widget_type=\"text-editor.default\">\n\t\t\t\t<div class=\"elementor-widget-container\">\n\t\t\t\t\t\t\t\t\t<ul>\n<li>Abela Assurances\u00a0<\/li>\n<li>Acoris Mutuelles\u00a0<\/li>\n<li>A\u00e9sio Mutuelle\u00a0<\/li>\n<li>AGIP Sant\u00e9\u00a0<\/li>\n<li>Allianz\u00a0<\/li>\n<li>Alptis\u00a0<\/li>\n<li>Amundi\u00a0<\/li>\n<li>Aon\u00a0<\/li>\n<li>Ar\u00e9as Assurance\u00a0<\/li>\n<li>Asetys\u00a0<\/li>\n<\/ul>\t\t\t\t\t\t\t\t<\/div>\n\t\t\t\t<\/div>\n\t\t\t\t<\/div>\n\t\t<div class=\"elementor-element elementor-element-856bd46 e-con-full e-flex e-con e-child\" data-id=\"856bd46\" data-element_type=\"container\" data-e-type=\"container\">\n\t\t\t\t<div class=\"elementor-element elementor-element-375f559 elementor-widget elementor-widget-text-editor\" data-id=\"375f559\" data-element_type=\"widget\" data-e-type=\"widget\" data-widget_type=\"text-editor.default\">\n\t\t\t\t<div class=\"elementor-widget-container\">\n\t\t\t\t\t\t\t\t\t<ul>\n<li>AXA\u00a0<\/li>\n<li>BPCE Mutuelle\u00a0<\/li>\n<li>Collecteam<\/li>\n<li>Compagnie des femmes\u00a0<\/li>\n<li>Gras Savoye\u00a0<\/li>\n<li>Groupama\u00a0<\/li>\n<li>Harmonie Mutuelle\u00a0<\/li>\n<li>Just Mutuelle\u00a0<\/li>\n<li>MAAF\u00a0<\/li>\n<li>Macif\u00a0<\/li>\n<\/ul>\t\t\t\t\t\t\t\t<\/div>\n\t\t\t\t<\/div>\n\t\t\t\t<\/div>\n\t\t<div class=\"elementor-element elementor-element-ba9dd75 e-con-full e-flex e-con e-child\" data-id=\"ba9dd75\" data-element_type=\"container\" data-e-type=\"container\">\n\t\t\t\t<div class=\"elementor-element elementor-element-7023b63 elementor-widget elementor-widget-text-editor\" data-id=\"7023b63\" data-element_type=\"widget\" data-e-type=\"widget\" data-widget_type=\"text-editor.default\">\n\t\t\t\t<div class=\"elementor-widget-container\">\n\t\t\t\t\t\t\t\t\t<ul>\n<li>Malakoff Humanis\u00a0<\/li>\n<li>Matmut<\/li>\n<li>MCEN\u00a0<\/li>\n<li>MDF<\/li>\n<li>MFIF\u00a0<\/li>\n<li>\n<div class=\"default-style\">MGAS<\/div>\n<\/li>\n<li>\n<div class=\"default-style\">MILTIS<\/div>\n<\/li>\n<li>MMA\u00a0<\/li>\n<li>MNT<\/li>\n<li>Monaco Mutualit\u00e9\u00a0<\/li>\n<\/ul>\t\t\t\t\t\t\t\t<\/div>\n\t\t\t\t<\/div>\n\t\t\t\t<\/div>\n\t\t<div class=\"elementor-element elementor-element-a51d753 e-con-full e-flex e-con e-child\" data-id=\"a51d753\" data-element_type=\"container\" data-e-type=\"container\">\n\t\t\t\t<div class=\"elementor-element elementor-element-3b9ffef elementor-widget elementor-widget-text-editor\" data-id=\"3b9ffef\" data-element_type=\"widget\" data-e-type=\"widget\" data-widget_type=\"text-editor.default\">\n\t\t\t\t<div class=\"elementor-widget-container\">\n\t\t\t\t\t\t\t\t\t<ul>\n<li>MPL<\/li>\n<li>Muta\u00a0<\/li>\n<li>Mutame<\/li>\n<li>La Mutuelle Verte<\/li>\n<li>Nostrum Care<\/li>\n<li>Radiance\u00a0<\/li>\n<li>Solimut Mutuelle de France\u00a0<\/li>\n<li>Swiss Life\u00a0<\/li>\n<li>Vivinter<\/li>\n<li>&#8230;<\/li>\n<\/ul>\t\t\t\t\t\t\t\t<\/div>\n\t\t\t\t<\/div>\n\t\t\t\t<\/div>\n\t\t\t\t\t<\/div>\n\t\t\t\t<\/div>\n\t\t<div class=\"elementor-element elementor-element-317cc18f e-flex e-con-boxed e-con e-parent\" data-id=\"317cc18f\" data-element_type=\"container\" data-e-type=\"container\">\n\t\t\t\t\t<div class=\"e-con-inner\">\n\t\t\t\t<div class=\"elementor-element elementor-element-315bc69f elementor-align-center elementor-widget elementor-widget-button\" data-id=\"315bc69f\" data-element_type=\"widget\" data-e-type=\"widget\" data-widget_type=\"button.default\">\n\t\t\t\t<div class=\"elementor-widget-container\">\n\t\t\t\t\t\t\t\t\t<div class=\"elementor-button-wrapper\">\n\t\t\t\t\t<a class=\"elementor-button elementor-button-link elementor-size-lg\" href=\"https:\/\/www.joshiatsu.fr\/index.php\/contact\/\">\n\t\t\t\t\t\t<span class=\"elementor-button-content-wrapper\">\n\t\t\t\t\t\t\t\t\t<span class=\"elementor-button-text\">Prendre RDV<\/span>\n\t\t\t\t\t<\/span>\n\t\t\t\t\t<\/a>\n\t\t\t\t<\/div>\n\t\t\t\t\t\t\t\t<\/div>\n\t\t\t\t<\/div>\n\t\t\t\t\t<\/div>\n\t\t\t\t<\/div>\n\t\t\t\t<\/div>\n\t\t","protected":false},"excerpt":{"rendered":"<p>Les B\u00e9n\u00e9ficiaires du Shiatsu Les b\u00e9b\u00e9s et jeunes enfants Les enfants, ados, adultes Les personnes \u00e2g\u00e9es Quand s&rsquo;offrir une s\u00e9ance de Shiatsu ou l&rsquo;offrir \u00e0 un proche ? A n&rsquo;importe quel moment pour le bien-\u00eatre du corps, de l&rsquo;esprit et favoriser l\u2019immunit\u00e9. En cas de stress, anxi\u00e9t\u00e9, troubles du sommeil, fatigue, baisse immunitaire, difficult\u00e9s ponctuelles [&hellip;]<\/p>\n","protected":false},"author":1,"featured_media":0,"parent":0,"menu_order":0,"comment_status":"closed","ping_status":"closed","template":"","meta":{"ocean_post_layout":"","ocean_both_sidebars_style":"","ocean_both_sidebars_content_width":0,"ocean_both_sidebars_sidebars_width":0,"ocean_sidebar":"","ocean_second_sidebar":"","ocean_disable_margins":"enable","ocean_add_body_class":"","ocean_shortcode_before_top_bar":"","ocean_shortcode_after_top_bar":"","ocean_shortcode_before_header":"","ocean_shortcode_after_header":"","ocean_has_shortcode":"","ocean_shortcode_after_title":"","ocean_shortcode_before_footer_widgets":"","ocean_shortcode_after_footer_widgets":"","ocean_shortcode_before_footer_bottom":"","ocean_shortcode_after_footer_bottom":"","ocean_display_top_bar":"default","ocean_display_header":"default","ocean_header_style":"","ocean_center_header_left_menu":"","ocean_custom_header_template":"","ocean_custom_logo":0,"ocean_custom_retina_logo":0,"ocean_custom_logo_max_width":0,"ocean_custom_logo_tablet_max_width":0,"ocean_custom_logo_mobile_max_width":0,"ocean_custom_logo_max_height":0,"ocean_custom_logo_tablet_max_height":0,"ocean_custom_logo_mobile_max_height":0,"ocean_header_custom_menu":"","ocean_menu_typo_font_family":"","ocean_menu_typo_font_subset":"","ocean_menu_typo_font_size":0,"ocean_menu_typo_font_size_tablet":0,"ocean_menu_typo_font_size_mobile":0,"ocean_menu_typo_font_size_unit":"px","ocean_menu_typo_font_weight":"","ocean_menu_typo_font_weight_tablet":"","ocean_menu_typo_font_weight_mobile":"","ocean_menu_typo_transform":"","ocean_menu_typo_transform_tablet":"","ocean_menu_typo_transform_mobile":"","ocean_menu_typo_line_height":0,"ocean_menu_typo_line_height_tablet":0,"ocean_menu_typo_line_height_mobile":0,"ocean_menu_typo_line_height_unit":"","ocean_menu_typo_spacing":0,"ocean_menu_typo_spacing_tablet":0,"ocean_menu_typo_spacing_mobile":0,"ocean_menu_typo_spacing_unit":"","ocean_menu_link_color":"","ocean_menu_link_color_hover":"","ocean_menu_link_color_active":"","ocean_menu_link_background":"","ocean_menu_link_hover_background":"","ocean_menu_link_active_background":"","ocean_menu_social_links_bg":"","ocean_menu_social_hover_links_bg":"","ocean_menu_social_links_color":"","ocean_menu_social_hover_links_color":"","ocean_disable_title":"default","ocean_disable_heading":"default","ocean_post_title":"","ocean_post_subheading":"","ocean_post_title_style":"","ocean_post_title_background_color":"","ocean_post_title_background":0,"ocean_post_title_bg_image_position":"","ocean_post_title_bg_image_attachment":"","ocean_post_title_bg_image_repeat":"","ocean_post_title_bg_image_size":"","ocean_post_title_height":0,"ocean_post_title_bg_overlay":0.5,"ocean_post_title_bg_overlay_color":"","ocean_disable_breadcrumbs":"default","ocean_breadcrumbs_color":"","ocean_breadcrumbs_separator_color":"","ocean_breadcrumbs_links_color":"","ocean_breadcrumbs_links_hover_color":"","ocean_display_footer_widgets":"default","ocean_display_footer_bottom":"default","ocean_custom_footer_template":"","footnotes":""},"class_list":["post-1305","page","type-page","status-publish","hentry","entry"],"jetpack_sharing_enabled":true,"_links":{"self":[{"href":"https:\/\/joshiatsu.fr\/index.php\/wp-json\/wp\/v2\/pages\/1305","targetHints":{"allow":["GET"]}}],"collection":[{"href":"https:\/\/joshiatsu.fr\/index.php\/wp-json\/wp\/v2\/pages"}],"about":[{"href":"https:\/\/joshiatsu.fr\/index.php\/wp-json\/wp\/v2\/types\/page"}],"author":[{"embeddable":true,"href":"https:\/\/joshiatsu.fr\/index.php\/wp-json\/wp\/v2\/users\/1"}],"replies":[{"embeddable":true,"href":"https:\/\/joshiatsu.fr\/index.php\/wp-json\/wp\/v2\/comments?post=1305"}],"version-history":[{"count":25,"href":"https:\/\/joshiatsu.fr\/index.php\/wp-json\/wp\/v2\/pages\/1305\/revisions"}],"predecessor-version":[{"id":1350,"href":"https:\/\/joshiatsu.fr\/index.php\/wp-json\/wp\/v2\/pages\/1305\/revisions\/1350"}],"wp:attachment":[{"href":"https:\/\/joshiatsu.fr\/index.php\/wp-json\/wp\/v2\/media?parent=1305"}],"curies":[{"name":"wp","href":"https:\/\/api.w.org\/{rel}","templated":true}]}}