{"id":11,"date":"2023-12-06T18:55:56","date_gmt":"2023-12-06T17:55:56","guid":{"rendered":"https:\/\/joshiatsu.fr\/?page_id=11"},"modified":"2024-03-13T17:07:28","modified_gmt":"2024-03-13T16:07:28","slug":"accueil","status":"publish","type":"page","link":"https:\/\/joshiatsu.fr\/index.php\/accueil\/","title":{"rendered":"Qui suis-je ?"},"content":{"rendered":"\t\t<div data-elementor-type=\"wp-page\" data-elementor-id=\"11\" class=\"elementor elementor-11\">\n\t\t\t\t<div class=\"elementor-element elementor-element-75a07aaa e-flex e-con-boxed e-con e-parent\" data-id=\"75a07aaa\" data-element_type=\"container\" data-e-type=\"container\" data-settings=\"{&quot;background_background&quot;:&quot;classic&quot;}\">\n\t\t\t\t\t<div class=\"e-con-inner\">\n\t\t<div class=\"elementor-element elementor-element-7a023fb6 e-con-full e-flex e-con e-child\" data-id=\"7a023fb6\" data-element_type=\"container\" data-e-type=\"container\">\n\t\t\t\t<div class=\"elementor-element elementor-element-77370329 elementor-widget elementor-widget-image\" data-id=\"77370329\" data-element_type=\"widget\" data-e-type=\"widget\" data-widget_type=\"image.default\">\n\t\t\t\t<div class=\"elementor-widget-container\">\n\t\t\t\t\t\t\t\t\t\t\t\t\t\t\t<img fetchpriority=\"high\" decoding=\"async\" width=\"1015\" height=\"1024\" src=\"https:\/\/i0.wp.com\/joshiatsu.fr\/wp-content\/uploads\/2024\/01\/IMG_20240104_201059-scaled-e1705512101378.jpg?fit=1015%2C1024&amp;ssl=1\" class=\"attachment-large size-large wp-image-489\" alt=\"\" srcset=\"https:\/\/i0.wp.com\/joshiatsu.fr\/wp-content\/uploads\/2024\/01\/IMG_20240104_201059-scaled-e1705512101378.jpg?w=1522&amp;ssl=1 1522w, https:\/\/i0.wp.com\/joshiatsu.fr\/wp-content\/uploads\/2024\/01\/IMG_20240104_201059-scaled-e1705512101378.jpg?resize=150%2C150&amp;ssl=1 150w, https:\/\/i0.wp.com\/joshiatsu.fr\/wp-content\/uploads\/2024\/01\/IMG_20240104_201059-scaled-e1705512101378.jpg?resize=297%2C300&amp;ssl=1 297w, https:\/\/i0.wp.com\/joshiatsu.fr\/wp-content\/uploads\/2024\/01\/IMG_20240104_201059-scaled-e1705512101378.jpg?resize=768%2C775&amp;ssl=1 768w, https:\/\/i0.wp.com\/joshiatsu.fr\/wp-content\/uploads\/2024\/01\/IMG_20240104_201059-scaled-e1705512101378.jpg?resize=1015%2C1024&amp;ssl=1 1015w\" sizes=\"(max-width: 1015px) 100vw, 1015px\" \/>\t\t\t\t\t\t\t\t\t\t\t\t\t\t\t<\/div>\n\t\t\t\t<\/div>\n\t\t\t\t<\/div>\n\t\t<div class=\"elementor-element elementor-element-76788320 e-con-full e-flex e-con e-child\" data-id=\"76788320\" data-element_type=\"container\" data-e-type=\"container\">\n\t\t\t\t<div class=\"elementor-element elementor-element-21d4e4f1 elementor-widget elementor-widget-text-editor\" data-id=\"21d4e4f1\" data-element_type=\"widget\" data-e-type=\"widget\" data-widget_type=\"text-editor.default\">\n\t\t\t\t<div class=\"elementor-widget-container\">\n\t\t\t\t\t\t\t\t\t<p>Praticienne dipl\u00f4m\u00e9e en shiatsu \u00e9quin et en shiatsu de d\u00e9tente humain, j&rsquo;ai la joie d&rsquo;\u00eatre au service du bien-\u00eatre.<\/p><p>Passionn\u00e9e depuis mon plus jeune \u00e2ge par les animaux, ils ont toujours partag\u00e9 ma vie. Ils font parti de mon \u00e9quilibre.<\/p><p>Les observer, comprendre leurs r\u00e9actions, tenter de r\u00e9pondre au mieux \u00e0 leurs besoins sont mes priorit\u00e9s. Ils nous le rendent tant, rien que par leur pr\u00e9sence!<\/p><p>Parall\u00e8lement, 20 ans d&rsquo;exp\u00e9rience en protection de l&rsquo;enfance m&rsquo;ont dot\u00e9e d&rsquo;une \u00e9coute et compr\u00e9hension particuli\u00e8re pour les enfants et leurs parents. Aujourd&rsquo;hui, je suis ravie de contribuer \u00e0 leur bien-\u00eatre par le shiatsu.<\/p>\t\t\t\t\t\t\t\t<\/div>\n\t\t\t\t<\/div>\n\t\t\t\t<\/div>\n\t\t\t\t\t<\/div>\n\t\t\t\t<\/div>\n\t\t<div class=\"elementor-element elementor-element-1b388bab e-con-full e-flex e-con e-parent\" data-id=\"1b388bab\" data-element_type=\"container\" data-e-type=\"container\" data-settings=\"{&quot;background_background&quot;:&quot;classic&quot;}\">\n\t\t<div class=\"elementor-element elementor-element-4c57e66e e-con-full e-flex e-con e-child\" data-id=\"4c57e66e\" data-element_type=\"container\" data-e-type=\"container\">\n\t\t\t\t<div class=\"elementor-element elementor-element-596ec55 elementor-widget elementor-widget-text-editor\" data-id=\"596ec55\" data-element_type=\"widget\" data-e-type=\"widget\" data-widget_type=\"text-editor.default\">\n\t\t\t\t<div class=\"elementor-widget-container\">\n\t\t\t\t\t\t\t\t\t<p>C&rsquo;est Gulliver qui m&rsquo;a conduite au Shiatsu animalier :<\/p><p>D\u00e8s poulain, je note son hypersensibilit\u00e9. J&rsquo;approfondis mes connaissances en \u00e9thologie pour comprendre son comportement. Nous tissons une relation forte, bas\u00e9e sur le respect et la confiance.<\/p><p>Lors de son d\u00e9bourrage, je d\u00e9couvre le shiatsu humain. Je cherche alors du shiatsu animalier, convaincue que cela pourrait lui \u00eatre b\u00e9n\u00e9fique. Confort\u00e9e par ma v\u00e9t\u00e9rinaire et plusieurs professionnels du milieu \u00e9quin, je d\u00e9cide de me former !<\/p><p>Je m&rsquo;inscris alors en premi\u00e8re ann\u00e9e \u00e0 l&rsquo;Ecole de Shiatsu Equin, dirig\u00e9e par Claire de Chevigny et agr\u00e9\u00e9e par la F\u00e9d\u00e9ration Fran\u00e7aise de Shiatsu Traditionnel.<\/p>\t\t\t\t\t\t\t\t<\/div>\n\t\t\t\t<\/div>\n\t\t\t\t<\/div>\n\t\t<div class=\"elementor-element elementor-element-6e64d708 e-con-full e-flex e-con e-child\" data-id=\"6e64d708\" data-element_type=\"container\" data-e-type=\"container\">\n\t\t\t\t<div class=\"elementor-element elementor-element-4b67af42 elementor-widget elementor-widget-image\" data-id=\"4b67af42\" data-element_type=\"widget\" data-e-type=\"widget\" data-widget_type=\"image.default\">\n\t\t\t\t<div class=\"elementor-widget-container\">\n\t\t\t\t\t\t\t\t\t\t\t\t\t\t\t<img decoding=\"async\" width=\"891\" height=\"756\" src=\"https:\/\/i0.wp.com\/joshiatsu.fr\/wp-content\/uploads\/2023\/12\/IMG_3187-e1702764601811.jpg?fit=891%2C756&amp;ssl=1\" class=\"attachment-full size-full wp-image-83\" alt=\"\" srcset=\"https:\/\/i0.wp.com\/joshiatsu.fr\/wp-content\/uploads\/2023\/12\/IMG_3187-e1702764601811.jpg?w=891&amp;ssl=1 891w, https:\/\/i0.wp.com\/joshiatsu.fr\/wp-content\/uploads\/2023\/12\/IMG_3187-e1702764601811.jpg?resize=300%2C255&amp;ssl=1 300w, https:\/\/i0.wp.com\/joshiatsu.fr\/wp-content\/uploads\/2023\/12\/IMG_3187-e1702764601811.jpg?resize=768%2C652&amp;ssl=1 768w\" sizes=\"(max-width: 891px) 100vw, 891px\" \/>\t\t\t\t\t\t\t\t\t\t\t\t\t\t\t<\/div>\n\t\t\t\t<\/div>\n\t\t\t\t<\/div>\n\t\t\t\t<\/div>\n\t\t<div class=\"elementor-element elementor-element-7833eac e-flex e-con-boxed e-con e-parent\" data-id=\"7833eac\" data-element_type=\"container\" data-e-type=\"container\">\n\t\t\t\t\t<div class=\"e-con-inner\">\n\t\t\t\t<div class=\"elementor-element elementor-element-27dae32 elementor-widget elementor-widget-text-editor\" data-id=\"27dae32\" data-element_type=\"widget\" data-e-type=\"widget\" data-widget_type=\"text-editor.default\">\n\t\t\t\t<div class=\"elementor-widget-container\">\n\t\t\t\t\t\t\t\t\t<p>Passionn\u00e9e par cette formation, surprise des r\u00e9sultats sur les chevaux et les personnes, je suis sans h\u00e9siter les deux ann\u00e9es suivantes, validant chacune ainsi que l&rsquo;examen final !<\/p><p><strong>D\u00e8s la troisi\u00e8me ann\u00e9e de formation, suite au module de shiatsu canin, je d\u00e9veloppe ma pratique du shiatsu sur les chiens, avec des r\u00e9sultats tout autant encourageants. En effet, les m\u00e9ridiens du chiens sont similaires \u00e0 ceux du cheval et d&rsquo;autres mammif\u00e8res!<\/strong><\/p><p>Les chats aussi sont r\u00e9ceptifs au shiatsu, ils ne sont jamais loin lors d&rsquo;une s\u00e9ance.<\/p><p>Un praticien shiatsu doit veiller \u00e0 son propre \u00e9quilibre \u00e9nerg\u00e9tique afin de proposer des shiatsus qualitatifs. Aussi, je m&rsquo;offre r\u00e9guli\u00e8rement des s\u00e9ances de shiatsu et pratique le Do-In.<\/p>\t\t\t\t\t\t\t\t<\/div>\n\t\t\t\t<\/div>\n\t\t\t\t\t<\/div>\n\t\t\t\t<\/div>\n\t\t<div class=\"elementor-element elementor-element-93503f7 e-flex e-con-boxed e-con e-parent\" data-id=\"93503f7\" data-element_type=\"container\" data-e-type=\"container\">\n\t\t\t\t\t<div class=\"e-con-inner\">\n\t\t<div class=\"elementor-element elementor-element-c4ea200 e-con-full e-flex e-con e-child\" data-id=\"c4ea200\" data-element_type=\"container\" data-e-type=\"container\">\n\t\t\t\t<div class=\"elementor-element elementor-element-7fc97f5 elementor-widget__width-initial elementor-widget elementor-widget-image\" data-id=\"7fc97f5\" data-element_type=\"widget\" data-e-type=\"widget\" data-widget_type=\"image.default\">\n\t\t\t\t<div class=\"elementor-widget-container\">\n\t\t\t\t\t\t\t\t\t\t\t\t\t\t\t<img decoding=\"async\" width=\"1024\" height=\"724\" src=\"https:\/\/i0.wp.com\/joshiatsu.fr\/wp-content\/uploads\/2024\/01\/Certificat-Praticienne-Shiatsu-Equin_page-0001.jpg?fit=1024%2C724&amp;ssl=1\" class=\"attachment-large size-large wp-image-478\" alt=\"\" srcset=\"https:\/\/i0.wp.com\/joshiatsu.fr\/wp-content\/uploads\/2024\/01\/Certificat-Praticienne-Shiatsu-Equin_page-0001.jpg?w=1755&amp;ssl=1 1755w, https:\/\/i0.wp.com\/joshiatsu.fr\/wp-content\/uploads\/2024\/01\/Certificat-Praticienne-Shiatsu-Equin_page-0001.jpg?resize=300%2C212&amp;ssl=1 300w, https:\/\/i0.wp.com\/joshiatsu.fr\/wp-content\/uploads\/2024\/01\/Certificat-Praticienne-Shiatsu-Equin_page-0001.jpg?resize=1024%2C724&amp;ssl=1 1024w, https:\/\/i0.wp.com\/joshiatsu.fr\/wp-content\/uploads\/2024\/01\/Certificat-Praticienne-Shiatsu-Equin_page-0001.jpg?resize=768%2C543&amp;ssl=1 768w, https:\/\/i0.wp.com\/joshiatsu.fr\/wp-content\/uploads\/2024\/01\/Certificat-Praticienne-Shiatsu-Equin_page-0001.jpg?resize=1536%2C1085&amp;ssl=1 1536w\" sizes=\"(max-width: 1024px) 100vw, 1024px\" \/>\t\t\t\t\t\t\t\t\t\t\t\t\t\t\t<\/div>\n\t\t\t\t<\/div>\n\t\t\t\t<\/div>\n\t\t<div class=\"elementor-element elementor-element-f98a6d8 e-con-full e-flex e-con e-child\" data-id=\"f98a6d8\" data-element_type=\"container\" data-e-type=\"container\">\n\t\t\t\t<div class=\"elementor-element elementor-element-1b94f4b elementor-widget elementor-widget-image\" data-id=\"1b94f4b\" data-element_type=\"widget\" data-e-type=\"widget\" data-widget_type=\"image.default\">\n\t\t\t\t<div class=\"elementor-widget-container\">\n\t\t\t\t\t\t\t\t\t\t\t\t\t\t\t<img loading=\"lazy\" decoding=\"async\" width=\"1024\" height=\"724\" src=\"https:\/\/i0.wp.com\/joshiatsu.fr\/wp-content\/uploads\/2024\/01\/Attestation-Praticienne-Shiatsu-Detente-Humain_page-0001.jpg?fit=1024%2C724&amp;ssl=1\" class=\"attachment-large size-large wp-image-480\" alt=\"\" srcset=\"https:\/\/i0.wp.com\/joshiatsu.fr\/wp-content\/uploads\/2024\/01\/Attestation-Praticienne-Shiatsu-Detente-Humain_page-0001.jpg?w=1755&amp;ssl=1 1755w, https:\/\/i0.wp.com\/joshiatsu.fr\/wp-content\/uploads\/2024\/01\/Attestation-Praticienne-Shiatsu-Detente-Humain_page-0001.jpg?resize=300%2C212&amp;ssl=1 300w, https:\/\/i0.wp.com\/joshiatsu.fr\/wp-content\/uploads\/2024\/01\/Attestation-Praticienne-Shiatsu-Detente-Humain_page-0001.jpg?resize=1024%2C724&amp;ssl=1 1024w, https:\/\/i0.wp.com\/joshiatsu.fr\/wp-content\/uploads\/2024\/01\/Attestation-Praticienne-Shiatsu-Detente-Humain_page-0001.jpg?resize=768%2C543&amp;ssl=1 768w, https:\/\/i0.wp.com\/joshiatsu.fr\/wp-content\/uploads\/2024\/01\/Attestation-Praticienne-Shiatsu-Detente-Humain_page-0001.jpg?resize=1536%2C1085&amp;ssl=1 1536w\" sizes=\"(max-width: 1024px) 100vw, 1024px\" \/>\t\t\t\t\t\t\t\t\t\t\t\t\t\t\t<\/div>\n\t\t\t\t<\/div>\n\t\t\t\t<\/div>\n\t\t\t\t\t<\/div>\n\t\t\t\t<\/div>\n\t\t<div class=\"elementor-element elementor-element-3875a43 e-flex e-con-boxed e-con e-parent\" data-id=\"3875a43\" data-element_type=\"container\" data-e-type=\"container\">\n\t\t\t\t\t<div class=\"e-con-inner\">\n\t\t\t\t<div class=\"elementor-element elementor-element-982ea5b elementor-align-center elementor-hidden-mobile elementor-widget elementor-widget-button\" data-id=\"982ea5b\" data-element_type=\"widget\" data-e-type=\"widget\" data-widget_type=\"button.default\">\n\t\t\t\t<div class=\"elementor-widget-container\">\n\t\t\t\t\t\t\t\t\t<div class=\"elementor-button-wrapper\">\n\t\t\t\t\t<a class=\"elementor-button elementor-button-link elementor-size-lg\" href=\"https:\/\/joshiatsu.fr\/index.php\/contact\/\">\n\t\t\t\t\t\t<span class=\"elementor-button-content-wrapper\">\n\t\t\t\t\t\t\t\t\t<span class=\"elementor-button-text\">Me contacter<\/span>\n\t\t\t\t\t<\/span>\n\t\t\t\t\t<\/a>\n\t\t\t\t<\/div>\n\t\t\t\t\t\t\t\t<\/div>\n\t\t\t\t<\/div>\n\t\t\t\t\t<\/div>\n\t\t\t\t<\/div>\n\t\t<div class=\"elementor-element elementor-element-3180e43 e-flex e-con-boxed e-con e-parent\" data-id=\"3180e43\" data-element_type=\"container\" data-e-type=\"container\">\n\t\t\t\t\t<div class=\"e-con-inner\">\n\t\t\t\t<div class=\"elementor-element elementor-element-de5b7f0 elementor-align-center elementor-hidden-desktop elementor-hidden-tablet elementor-widget elementor-widget-button\" data-id=\"de5b7f0\" data-element_type=\"widget\" data-e-type=\"widget\" data-widget_type=\"button.default\">\n\t\t\t\t<div class=\"elementor-widget-container\">\n\t\t\t\t\t\t\t\t\t<div class=\"elementor-button-wrapper\">\n\t\t\t\t\t<a class=\"elementor-button elementor-button-link elementor-size-md\" href=\"tel:0638182977\">\n\t\t\t\t\t\t<span class=\"elementor-button-content-wrapper\">\n\t\t\t\t\t\t\t\t\t<span class=\"elementor-button-text\">Me contacter<\/span>\n\t\t\t\t\t<\/span>\n\t\t\t\t\t<\/a>\n\t\t\t\t<\/div>\n\t\t\t\t\t\t\t\t<\/div>\n\t\t\t\t<\/div>\n\t\t\t\t\t<\/div>\n\t\t\t\t<\/div>\n\t\t\t\t<\/div>\n\t\t","protected":false},"excerpt":{"rendered":"<p>Praticienne dipl\u00f4m\u00e9e en shiatsu \u00e9quin et en shiatsu de d\u00e9tente humain, j&rsquo;ai la joie d&rsquo;\u00eatre au service du bien-\u00eatre. Passionn\u00e9e depuis mon plus jeune \u00e2ge par les animaux, ils ont toujours partag\u00e9 ma vie. Ils font parti de mon \u00e9quilibre. Les observer, comprendre leurs r\u00e9actions, tenter de r\u00e9pondre au mieux \u00e0 leurs besoins sont mes [&hellip;]<\/p>\n","protected":false},"author":1,"featured_media":0,"parent":0,"menu_order":0,"comment_status":"closed","ping_status":"closed","template":"","meta":{"ocean_post_layout":"","ocean_both_sidebars_style":"","ocean_both_sidebars_content_width":0,"ocean_both_sidebars_sidebars_width":0,"ocean_sidebar":"","ocean_second_sidebar":"","ocean_disable_margins":"enable","ocean_add_body_class":"","ocean_shortcode_before_top_bar":"","ocean_shortcode_after_top_bar":"","ocean_shortcode_before_header":"","ocean_shortcode_after_header":"","ocean_has_shortcode":"","ocean_shortcode_after_title":"","ocean_shortcode_before_footer_widgets":"","ocean_shortcode_after_footer_widgets":"","ocean_shortcode_before_footer_bottom":"","ocean_shortcode_after_footer_bottom":"","ocean_display_top_bar":"default","ocean_display_header":"default","ocean_header_style":"","ocean_center_header_left_menu":"","ocean_custom_header_template":"","ocean_custom_logo":0,"ocean_custom_retina_logo":0,"ocean_custom_logo_max_width":0,"ocean_custom_logo_tablet_max_width":0,"ocean_custom_logo_mobile_max_width":0,"ocean_custom_logo_max_height":0,"ocean_custom_logo_tablet_max_height":0,"ocean_custom_logo_mobile_max_height":0,"ocean_header_custom_menu":"","ocean_menu_typo_font_family":"","ocean_menu_typo_font_subset":"","ocean_menu_typo_font_size":0,"ocean_menu_typo_font_size_tablet":0,"ocean_menu_typo_font_size_mobile":0,"ocean_menu_typo_font_size_unit":"px","ocean_menu_typo_font_weight":"","ocean_menu_typo_font_weight_tablet":"","ocean_menu_typo_font_weight_mobile":"","ocean_menu_typo_transform":"","ocean_menu_typo_transform_tablet":"","ocean_menu_typo_transform_mobile":"","ocean_menu_typo_line_height":0,"ocean_menu_typo_line_height_tablet":0,"ocean_menu_typo_line_height_mobile":0,"ocean_menu_typo_line_height_unit":"","ocean_menu_typo_spacing":0,"ocean_menu_typo_spacing_tablet":0,"ocean_menu_typo_spacing_mobile":0,"ocean_menu_typo_spacing_unit":"","ocean_menu_link_color":"","ocean_menu_link_color_hover":"","ocean_menu_link_color_active":"","ocean_menu_link_background":"","ocean_menu_link_hover_background":"","ocean_menu_link_active_background":"","ocean_menu_social_links_bg":"","ocean_menu_social_hover_links_bg":"","ocean_menu_social_links_color":"","ocean_menu_social_hover_links_color":"","ocean_disable_title":"default","ocean_disable_heading":"default","ocean_post_title":"","ocean_post_subheading":"","ocean_post_title_style":"","ocean_post_title_background_color":"","ocean_post_title_background":0,"ocean_post_title_bg_image_position":"","ocean_post_title_bg_image_attachment":"","ocean_post_title_bg_image_repeat":"","ocean_post_title_bg_image_size":"","ocean_post_title_height":0,"ocean_post_title_bg_overlay":0.5,"ocean_post_title_bg_overlay_color":"","ocean_disable_breadcrumbs":"default","ocean_breadcrumbs_color":"","ocean_breadcrumbs_separator_color":"","ocean_breadcrumbs_links_color":"","ocean_breadcrumbs_links_hover_color":"","ocean_display_footer_widgets":"default","ocean_display_footer_bottom":"default","ocean_custom_footer_template":"","footnotes":""},"class_list":["post-11","page","type-page","status-publish","hentry","entry"],"jetpack_sharing_enabled":true,"_links":{"self":[{"href":"https:\/\/joshiatsu.fr\/index.php\/wp-json\/wp\/v2\/pages\/11","targetHints":{"allow":["GET"]}}],"collection":[{"href":"https:\/\/joshiatsu.fr\/index.php\/wp-json\/wp\/v2\/pages"}],"about":[{"href":"https:\/\/joshiatsu.fr\/index.php\/wp-json\/wp\/v2\/types\/page"}],"author":[{"embeddable":true,"href":"https:\/\/joshiatsu.fr\/index.php\/wp-json\/wp\/v2\/users\/1"}],"replies":[{"embeddable":true,"href":"https:\/\/joshiatsu.fr\/index.php\/wp-json\/wp\/v2\/comments?post=11"}],"version-history":[{"count":223,"href":"https:\/\/joshiatsu.fr\/index.php\/wp-json\/wp\/v2\/pages\/11\/revisions"}],"predecessor-version":[{"id":1362,"href":"https:\/\/joshiatsu.fr\/index.php\/wp-json\/wp\/v2\/pages\/11\/revisions\/1362"}],"wp:attachment":[{"href":"https:\/\/joshiatsu.fr\/index.php\/wp-json\/wp\/v2\/media?parent=11"}],"curies":[{"name":"wp","href":"https:\/\/api.w.org\/{rel}","templated":true}]}}