{"id":1011,"date":"2024-03-01T09:00:41","date_gmt":"2024-03-01T08:00:41","guid":{"rendered":"https:\/\/joshiatsu.fr\/?page_id=1011"},"modified":"2024-03-13T17:21:53","modified_gmt":"2024-03-13T16:21:53","slug":"shiatsu-animalier","status":"publish","type":"page","link":"https:\/\/joshiatsu.fr\/index.php\/shiatsu-animalier\/","title":{"rendered":"Shiatsu Animalier"},"content":{"rendered":"\t\t<div data-elementor-type=\"wp-page\" data-elementor-id=\"1011\" class=\"elementor elementor-1011\">\n\t\t\t\t<div class=\"elementor-element elementor-element-1f922a30 e-flex e-con-boxed e-con e-parent\" data-id=\"1f922a30\" data-element_type=\"container\" data-e-type=\"container\">\n\t\t\t\t\t<div class=\"e-con-inner\">\n\t\t\t\t<div class=\"elementor-element elementor-element-7d96e765 elementor-widget elementor-widget-heading\" data-id=\"7d96e765\" data-element_type=\"widget\" data-e-type=\"widget\" data-widget_type=\"heading.default\">\n\t\t\t\t<div class=\"elementor-widget-container\">\n\t\t\t\t\t<h2 class=\"elementor-heading-title elementor-size-default\">Les B\u00e9n\u00e9ficiaires du Shiatsu<\/h2>\t\t\t\t<\/div>\n\t\t\t\t<\/div>\n\t\t\t\t\t<\/div>\n\t\t\t\t<\/div>\n\t\t<div class=\"elementor-element elementor-element-138efa02 e-flex e-con-boxed e-con e-parent\" data-id=\"138efa02\" data-element_type=\"container\" data-e-type=\"container\">\n\t\t\t\t\t<div class=\"e-con-inner\">\n\t\t<div class=\"elementor-element elementor-element-1be317ce e-con-full e-flex e-con e-child\" data-id=\"1be317ce\" data-element_type=\"container\" data-e-type=\"container\">\n\t\t\t\t<div class=\"elementor-element elementor-element-51b53910 elementor-widget elementor-widget-image\" data-id=\"51b53910\" data-element_type=\"widget\" data-e-type=\"widget\" data-widget_type=\"image.default\">\n\t\t\t\t<div class=\"elementor-widget-container\">\n\t\t\t\t\t\t\t\t\t\t\t\t<figure class=\"wp-caption\">\n\t\t\t\t\t\t\t\t\t\t<img fetchpriority=\"high\" decoding=\"async\" width=\"1024\" height=\"768\" src=\"https:\/\/i0.wp.com\/joshiatsu.fr\/wp-content\/uploads\/2024\/01\/pexels-hilary-halliwell-37991-scaled.jpg?fit=1024%2C768&amp;ssl=1\" class=\"attachment-large size-large wp-image-547\" alt=\"\" srcset=\"https:\/\/i0.wp.com\/joshiatsu.fr\/wp-content\/uploads\/2024\/01\/pexels-hilary-halliwell-37991-scaled.jpg?w=2560&amp;ssl=1 2560w, https:\/\/i0.wp.com\/joshiatsu.fr\/wp-content\/uploads\/2024\/01\/pexels-hilary-halliwell-37991-scaled.jpg?resize=300%2C225&amp;ssl=1 300w, https:\/\/i0.wp.com\/joshiatsu.fr\/wp-content\/uploads\/2024\/01\/pexels-hilary-halliwell-37991-scaled.jpg?resize=1024%2C768&amp;ssl=1 1024w, https:\/\/i0.wp.com\/joshiatsu.fr\/wp-content\/uploads\/2024\/01\/pexels-hilary-halliwell-37991-scaled.jpg?resize=768%2C576&amp;ssl=1 768w, https:\/\/i0.wp.com\/joshiatsu.fr\/wp-content\/uploads\/2024\/01\/pexels-hilary-halliwell-37991-scaled.jpg?resize=1536%2C1152&amp;ssl=1 1536w, https:\/\/i0.wp.com\/joshiatsu.fr\/wp-content\/uploads\/2024\/01\/pexels-hilary-halliwell-37991-scaled.jpg?resize=2048%2C1536&amp;ssl=1 2048w, https:\/\/i0.wp.com\/joshiatsu.fr\/wp-content\/uploads\/2024\/01\/pexels-hilary-halliwell-37991-scaled.jpg?w=2400&amp;ssl=1 2400w\" sizes=\"(max-width: 1024px) 100vw, 1024px\" \/>\t\t\t\t\t\t\t\t\t\t\t<figcaption class=\"widget-image-caption wp-caption-text\">Les chevaux &amp; poneys<\/figcaption>\n\t\t\t\t\t\t\t\t\t\t<\/figure>\n\t\t\t\t\t\t\t\t\t<\/div>\n\t\t\t\t<\/div>\n\t\t\t\t<\/div>\n\t\t<div class=\"elementor-element elementor-element-1ed91afb e-con-full e-flex e-con e-child\" data-id=\"1ed91afb\" data-element_type=\"container\" data-e-type=\"container\">\n\t\t\t\t<div class=\"elementor-element elementor-element-4016c30b elementor-widget elementor-widget-image\" data-id=\"4016c30b\" data-element_type=\"widget\" data-e-type=\"widget\" data-widget_type=\"image.default\">\n\t\t\t\t<div class=\"elementor-widget-container\">\n\t\t\t\t\t\t\t\t\t\t\t\t<figure class=\"wp-caption\">\n\t\t\t\t\t\t\t\t\t\t<img decoding=\"async\" width=\"1024\" height=\"768\" src=\"https:\/\/i0.wp.com\/joshiatsu.fr\/wp-content\/uploads\/2024\/01\/pexels-islandhopper-x-15201439-scaled.jpg?fit=1024%2C768&amp;ssl=1\" class=\"attachment-large size-large wp-image-540\" alt=\"\" srcset=\"https:\/\/i0.wp.com\/joshiatsu.fr\/wp-content\/uploads\/2024\/01\/pexels-islandhopper-x-15201439-scaled.jpg?w=2560&amp;ssl=1 2560w, https:\/\/i0.wp.com\/joshiatsu.fr\/wp-content\/uploads\/2024\/01\/pexels-islandhopper-x-15201439-scaled.jpg?resize=300%2C225&amp;ssl=1 300w, https:\/\/i0.wp.com\/joshiatsu.fr\/wp-content\/uploads\/2024\/01\/pexels-islandhopper-x-15201439-scaled.jpg?resize=1024%2C768&amp;ssl=1 1024w, https:\/\/i0.wp.com\/joshiatsu.fr\/wp-content\/uploads\/2024\/01\/pexels-islandhopper-x-15201439-scaled.jpg?resize=768%2C576&amp;ssl=1 768w, https:\/\/i0.wp.com\/joshiatsu.fr\/wp-content\/uploads\/2024\/01\/pexels-islandhopper-x-15201439-scaled.jpg?resize=1536%2C1152&amp;ssl=1 1536w, https:\/\/i0.wp.com\/joshiatsu.fr\/wp-content\/uploads\/2024\/01\/pexels-islandhopper-x-15201439-scaled.jpg?resize=2048%2C1536&amp;ssl=1 2048w, https:\/\/i0.wp.com\/joshiatsu.fr\/wp-content\/uploads\/2024\/01\/pexels-islandhopper-x-15201439-scaled.jpg?w=2400&amp;ssl=1 2400w\" sizes=\"(max-width: 1024px) 100vw, 1024px\" \/>\t\t\t\t\t\t\t\t\t\t\t<figcaption class=\"widget-image-caption wp-caption-text\">Les chiens de toute taille<\/figcaption>\n\t\t\t\t\t\t\t\t\t\t<\/figure>\n\t\t\t\t\t\t\t\t\t<\/div>\n\t\t\t\t<\/div>\n\t\t\t\t<\/div>\n\t\t<div class=\"elementor-element elementor-element-6bc25100 e-con-full e-flex e-con e-child\" data-id=\"6bc25100\" data-element_type=\"container\" data-e-type=\"container\">\n\t\t\t\t<div class=\"elementor-element elementor-element-a8374ef elementor-widget elementor-widget-image\" data-id=\"a8374ef\" data-element_type=\"widget\" data-e-type=\"widget\" data-widget_type=\"image.default\">\n\t\t\t\t<div class=\"elementor-widget-container\">\n\t\t\t\t\t\t\t\t\t\t\t\t<figure class=\"wp-caption\">\n\t\t\t\t\t\t\t\t\t\t<img decoding=\"async\" width=\"1024\" height=\"576\" src=\"https:\/\/i0.wp.com\/joshiatsu.fr\/wp-content\/uploads\/2024\/01\/pexels-inge-wallumrod-126407.jpg?fit=1024%2C576&amp;ssl=1\" class=\"attachment-large size-large wp-image-549\" alt=\"\" srcset=\"https:\/\/i0.wp.com\/joshiatsu.fr\/wp-content\/uploads\/2024\/01\/pexels-inge-wallumrod-126407.jpg?w=2067&amp;ssl=1 2067w, https:\/\/i0.wp.com\/joshiatsu.fr\/wp-content\/uploads\/2024\/01\/pexels-inge-wallumrod-126407.jpg?resize=300%2C169&amp;ssl=1 300w, https:\/\/i0.wp.com\/joshiatsu.fr\/wp-content\/uploads\/2024\/01\/pexels-inge-wallumrod-126407.jpg?resize=1024%2C576&amp;ssl=1 1024w, https:\/\/i0.wp.com\/joshiatsu.fr\/wp-content\/uploads\/2024\/01\/pexels-inge-wallumrod-126407.jpg?resize=768%2C432&amp;ssl=1 768w, https:\/\/i0.wp.com\/joshiatsu.fr\/wp-content\/uploads\/2024\/01\/pexels-inge-wallumrod-126407.jpg?resize=1536%2C864&amp;ssl=1 1536w, https:\/\/i0.wp.com\/joshiatsu.fr\/wp-content\/uploads\/2024\/01\/pexels-inge-wallumrod-126407.jpg?resize=2048%2C1152&amp;ssl=1 2048w, https:\/\/i0.wp.com\/joshiatsu.fr\/wp-content\/uploads\/2024\/01\/pexels-inge-wallumrod-126407.jpg?resize=800%2C450&amp;ssl=1 800w\" sizes=\"(max-width: 1024px) 100vw, 1024px\" \/>\t\t\t\t\t\t\t\t\t\t\t<figcaption class=\"widget-image-caption wp-caption-text\">Les chats, me consulter pour d'autres animaux<\/figcaption>\n\t\t\t\t\t\t\t\t\t\t<\/figure>\n\t\t\t\t\t\t\t\t\t<\/div>\n\t\t\t\t<\/div>\n\t\t\t\t<\/div>\n\t\t\t\t\t<\/div>\n\t\t\t\t<\/div>\n\t\t<div class=\"elementor-element elementor-element-671daeab e-flex e-con-boxed e-con e-parent\" data-id=\"671daeab\" data-element_type=\"container\" data-e-type=\"container\">\n\t\t\t\t\t<div class=\"e-con-inner\">\n\t\t\t\t<div class=\"elementor-element elementor-element-c3e34c8 elementor-widget elementor-widget-heading\" data-id=\"c3e34c8\" data-element_type=\"widget\" data-e-type=\"widget\" data-widget_type=\"heading.default\">\n\t\t\t\t<div class=\"elementor-widget-container\">\n\t\t\t\t\t<h2 class=\"elementor-heading-title elementor-size-default\">Quand offrir une s\u00e9ance de Shiatsu \u00e0 son animal ?<\/h2>\t\t\t\t<\/div>\n\t\t\t\t<\/div>\n\t\t\t\t\t<\/div>\n\t\t\t\t<\/div>\n\t\t<div class=\"elementor-element elementor-element-2654b6a5 e-flex e-con-boxed e-con e-parent\" data-id=\"2654b6a5\" data-element_type=\"container\" data-e-type=\"container\">\n\t\t\t\t\t<div class=\"e-con-inner\">\n\t\t\t\t<div class=\"elementor-element elementor-element-74537086 elementor-widget elementor-widget-text-editor\" data-id=\"74537086\" data-element_type=\"widget\" data-e-type=\"widget\" data-widget_type=\"text-editor.default\">\n\t\t\t\t<div class=\"elementor-widget-container\">\n\t\t\t\t\t\t\t\t\t<p><\/p>\n<p>En pr\u00e9vention, pour le bien-\u00eatre et l&rsquo;immunit\u00e9, id\u00e9alement \u00e0 chaque changement de saison.<\/p>\n<p><\/p>\n<p><\/p>\n<p>Lors de maux ponctuels ou chroniques, la pratique du shiatsu apporte du confort et une am\u00e9lioration de l&rsquo;\u00e9tat de bien-\u00eatre de votre animal dans de nombreuses situations :<\/p>\n<p><\/p>\n<ul class=\"wp-block-list\">\n<li style=\"list-style-type: none;\">\n<ul>\n<li style=\"list-style-type: none;\">\n<ul><\/ul>\n<\/li>\n<\/ul>\n<ul>\n<li>douleurs de dos ou du squelette: arthrose, sciatique, douleurs cervicales&#8230;<\/li>\n<li>tensions musculaires, crampes, contractures<\/li>\n<li>raideurs articulaires, tendinite<\/li>\n<li>aplombs (apporte une am\u00e9liation pendant la croissance<\/li>\n<li>troubles hormonaux\u00a0<\/li>\n<li>douleurs ovariennes<\/li>\n<li>pr\u00e9paration \u00e0 la reproduction<\/li>\n<li>r\u00e9\u00e9quilibrage apr\u00e8s un poulinage, une mise bas<\/li>\n<li>stress, changement de lieu de vie, pr\u00e9paration \u00e0 une \u00e9preuve sportive ou r\u00e9cup\u00e9ration\u00a0<\/li>\n<li>troubles respiratoires, rhume, sinusite, toux<\/li>\n<li>troubles de la digestion<\/li>\n<li>migraines et maux de t\u00eate<\/li>\n<li>probl\u00e8me de peau: dermite estivale, ecz\u00e9ma, sarco\u00efde, gale de boue<\/li>\n<li>r\u00e9cup\u00e9ration suite \u00e0 un AVC<\/li>\n<li>vieillissement: arthrose, perte de mobilit\u00e9<\/li>\n<li>&#8230;\u00a0<\/li>\n<\/ul>\n<\/li>\n<\/ul>\n<p><\/p>\n<p>Ces bienfaits physiques ont des r\u00e9percussions sur le mental de votre animal, sa sociabilit\u00e9, sa qualit\u00e9 de vie.<\/p>\n<p>Le shiatsu ne remplace pas une consultation v\u00e9t\u00e9rinaire, ost\u00e9opathique, dentiste&#8230; selon le besoin. Il est compl\u00e9mentaire. D\u2019autres facteurs sont \u00e0 prendre en compte pour le bien-\u00eatre de l\u2019animal : ses conditions de vie et de relations avec ses cong\u00e9n\u00e8res, son alimentation, ses caract\u00e9ristiques li\u00e9es \u00e0 la race de votre animal, son histoire, son activit\u00e9&#8230;<\/p>\n<p><\/p>\n<p>\u00a0<\/p>\t\t\t\t\t\t\t\t<\/div>\n\t\t\t\t<\/div>\n\t\t\t\t\t<\/div>\n\t\t\t\t<\/div>\n\t\t<div class=\"elementor-element elementor-element-3aab7c45 e-flex e-con-boxed e-con e-parent\" data-id=\"3aab7c45\" data-element_type=\"container\" data-e-type=\"container\">\n\t\t\t\t\t<div class=\"e-con-inner\">\n\t\t\t\t<div class=\"elementor-element elementor-element-1f337e0 elementor-align-center elementor-widget elementor-widget-button\" data-id=\"1f337e0\" data-element_type=\"widget\" data-e-type=\"widget\" data-widget_type=\"button.default\">\n\t\t\t\t<div class=\"elementor-widget-container\">\n\t\t\t\t\t\t\t\t\t<div class=\"elementor-button-wrapper\">\n\t\t\t\t\t<a class=\"elementor-button elementor-button-link elementor-size-lg\" href=\"https:\/\/www.joshiatsu.fr\/index.php\/contact\/\">\n\t\t\t\t\t\t<span class=\"elementor-button-content-wrapper\">\n\t\t\t\t\t\t\t\t\t<span class=\"elementor-button-text\">Prendre RDV<\/span>\n\t\t\t\t\t<\/span>\n\t\t\t\t\t<\/a>\n\t\t\t\t<\/div>\n\t\t\t\t\t\t\t\t<\/div>\n\t\t\t\t<\/div>\n\t\t\t\t\t<\/div>\n\t\t\t\t<\/div>\n\t\t\t\t<\/div>\n\t\t","protected":false},"excerpt":{"rendered":"<p>Les B\u00e9n\u00e9ficiaires du Shiatsu Les chevaux &amp; poneys Les chiens de toute taille Les chats, me consulter pour d&rsquo;autres animaux Quand offrir une s\u00e9ance de Shiatsu \u00e0 son animal ? En pr\u00e9vention, pour le bien-\u00eatre et l&rsquo;immunit\u00e9, id\u00e9alement \u00e0 chaque changement de saison. Lors de maux ponctuels ou chroniques, la pratique du shiatsu apporte du [&hellip;]<\/p>\n","protected":false},"author":1,"featured_media":0,"parent":0,"menu_order":0,"comment_status":"closed","ping_status":"closed","template":"","meta":{"ocean_post_layout":"","ocean_both_sidebars_style":"","ocean_both_sidebars_content_width":0,"ocean_both_sidebars_sidebars_width":0,"ocean_sidebar":"","ocean_second_sidebar":"","ocean_disable_margins":"enable","ocean_add_body_class":"","ocean_shortcode_before_top_bar":"","ocean_shortcode_after_top_bar":"","ocean_shortcode_before_header":"","ocean_shortcode_after_header":"","ocean_has_shortcode":"","ocean_shortcode_after_title":"","ocean_shortcode_before_footer_widgets":"","ocean_shortcode_after_footer_widgets":"","ocean_shortcode_before_footer_bottom":"","ocean_shortcode_after_footer_bottom":"","ocean_display_top_bar":"default","ocean_display_header":"default","ocean_header_style":"","ocean_center_header_left_menu":"","ocean_custom_header_template":"","ocean_custom_logo":0,"ocean_custom_retina_logo":0,"ocean_custom_logo_max_width":0,"ocean_custom_logo_tablet_max_width":0,"ocean_custom_logo_mobile_max_width":0,"ocean_custom_logo_max_height":0,"ocean_custom_logo_tablet_max_height":0,"ocean_custom_logo_mobile_max_height":0,"ocean_header_custom_menu":"","ocean_menu_typo_font_family":"","ocean_menu_typo_font_subset":"","ocean_menu_typo_font_size":0,"ocean_menu_typo_font_size_tablet":0,"ocean_menu_typo_font_size_mobile":0,"ocean_menu_typo_font_size_unit":"px","ocean_menu_typo_font_weight":"","ocean_menu_typo_font_weight_tablet":"","ocean_menu_typo_font_weight_mobile":"","ocean_menu_typo_transform":"","ocean_menu_typo_transform_tablet":"","ocean_menu_typo_transform_mobile":"","ocean_menu_typo_line_height":0,"ocean_menu_typo_line_height_tablet":0,"ocean_menu_typo_line_height_mobile":0,"ocean_menu_typo_line_height_unit":"","ocean_menu_typo_spacing":0,"ocean_menu_typo_spacing_tablet":0,"ocean_menu_typo_spacing_mobile":0,"ocean_menu_typo_spacing_unit":"","ocean_menu_link_color":"","ocean_menu_link_color_hover":"","ocean_menu_link_color_active":"","ocean_menu_link_background":"","ocean_menu_link_hover_background":"","ocean_menu_link_active_background":"","ocean_menu_social_links_bg":"","ocean_menu_social_hover_links_bg":"","ocean_menu_social_links_color":"","ocean_menu_social_hover_links_color":"","ocean_disable_title":"default","ocean_disable_heading":"default","ocean_post_title":"","ocean_post_subheading":"","ocean_post_title_style":"","ocean_post_title_background_color":"","ocean_post_title_background":0,"ocean_post_title_bg_image_position":"","ocean_post_title_bg_image_attachment":"","ocean_post_title_bg_image_repeat":"","ocean_post_title_bg_image_size":"","ocean_post_title_height":0,"ocean_post_title_bg_overlay":0.5,"ocean_post_title_bg_overlay_color":"","ocean_disable_breadcrumbs":"default","ocean_breadcrumbs_color":"","ocean_breadcrumbs_separator_color":"","ocean_breadcrumbs_links_color":"","ocean_breadcrumbs_links_hover_color":"","ocean_display_footer_widgets":"default","ocean_display_footer_bottom":"default","ocean_custom_footer_template":"","footnotes":""},"class_list":["post-1011","page","type-page","status-publish","hentry","entry"],"jetpack_sharing_enabled":true,"_links":{"self":[{"href":"https:\/\/joshiatsu.fr\/index.php\/wp-json\/wp\/v2\/pages\/1011","targetHints":{"allow":["GET"]}}],"collection":[{"href":"https:\/\/joshiatsu.fr\/index.php\/wp-json\/wp\/v2\/pages"}],"about":[{"href":"https:\/\/joshiatsu.fr\/index.php\/wp-json\/wp\/v2\/types\/page"}],"author":[{"embeddable":true,"href":"https:\/\/joshiatsu.fr\/index.php\/wp-json\/wp\/v2\/users\/1"}],"replies":[{"embeddable":true,"href":"https:\/\/joshiatsu.fr\/index.php\/wp-json\/wp\/v2\/comments?post=1011"}],"version-history":[{"count":34,"href":"https:\/\/joshiatsu.fr\/index.php\/wp-json\/wp\/v2\/pages\/1011\/revisions"}],"predecessor-version":[{"id":1377,"href":"https:\/\/joshiatsu.fr\/index.php\/wp-json\/wp\/v2\/pages\/1011\/revisions\/1377"}],"wp:attachment":[{"href":"https:\/\/joshiatsu.fr\/index.php\/wp-json\/wp\/v2\/media?parent=1011"}],"curies":[{"name":"wp","href":"https:\/\/api.w.org\/{rel}","templated":true}]}}